{"id":9174,"date":"2015-03-16T23:42:59","date_gmt":"2015-03-16T23:42:59","guid":{"rendered":"http:\/\/rbpisosdemadera.com.ar\/sitio\/?page_id=9174"},"modified":"2015-03-17T18:57:32","modified_gmt":"2015-03-17T18:57:32","slug":"productos","status":"publish","type":"page","link":"http:\/\/rbpisosdemadera.com.ar\/?page_id=9174","title":{"rendered":"Productos"},"content":{"rendered":"<div    class=\"vc_row wpb_row section vc_row-fluid\" style=' text-align:left;'><div class=\" full_section_inner clearfix\">\n\t<div class=\"vc_col-sm-12 wpb_column vc_column_container\">\n\t\t<div class=\"wpb_wrapper\">\n\t\t\t\n\t<div class=\"wpb_text_column wpb_content_element \">\n\t\t<div class=\"wpb_wrapper\">\n\t\t\t<h2><span style=\"color: #ffffff;\">Productos<\/span><\/h2>\n\n\t\t<\/div> \n\t<\/div> \n\t\t<\/div> \n\t<\/div> \n<\/div><\/div><div    class=\"vc_row wpb_row section vc_row-fluid\" style=' text-align:left;'><div class=\" full_section_inner clearfix\">\n\t<div class=\"vc_col-sm-12 wpb_column vc_column_container\">\n\t\t<div class=\"wpb_wrapper\">\n\t\t\t\n\t<div class=\"wpb_gallery wpb_content_element clearfix\">\n\t\t<div class=\"wpb_wrapper\"><div class=\"wpb_gallery_slides wpb_image_grid\" data-interval=\"0\"><div class=\"gallery_holder\"><ul class=\"gallery_inner v4\"><li class=\"grayscale\"><a class=\"prettyphoto\" href=\"http:\/\/rbpisosdemadera.com.ar\/wp-content\/uploads\/2015\/03\/flooring_3-1024x668.jpg\" rel=\"prettyPhoto[rel-341845650]\"><img class=\"\" src=\"http:\/\/rbpisosdemadera.com.ar\/wp-content\/uploads\/2015\/03\/flooring_3-200x100.jpg\" width=\"200\" height=\"100\" alt=\"flooring_3\" \/><\/a><\/li><li class=\"grayscale\"><a class=\"prettyphoto\" href=\"http:\/\/rbpisosdemadera.com.ar\/wp-content\/uploads\/2015\/03\/piso-flotante-alto-transito-83mm-de-esp_282390e_3.gif\" rel=\"prettyPhoto[rel-341845650]\"><img class=\"\" src=\"http:\/\/rbpisosdemadera.com.ar\/wp-content\/uploads\/2015\/03\/piso-flotante-alto-transito-83mm-de-esp_282390e_3-200x100.gif\" width=\"200\" height=\"100\" alt=\"piso-flotante-alto-transito-83mm-de-esp_282390e_3\" \/><\/a><\/li><li class=\"grayscale\"><a class=\"prettyphoto\" href=\"http:\/\/rbpisosdemadera.com.ar\/wp-content\/uploads\/2015\/03\/flotante_home-960x460.png\" rel=\"prettyPhoto[rel-341845650]\"><img class=\"\" src=\"http:\/\/rbpisosdemadera.com.ar\/wp-content\/uploads\/2015\/03\/flotante_home-960x460-200x100.png\" width=\"200\" height=\"100\" alt=\"flotante_home-960x460\" \/><\/a><\/li><li class=\"grayscale\"><a class=\"prettyphoto\" href=\"http:\/\/rbpisosdemadera.com.ar\/wp-content\/uploads\/2015\/03\/colocacion-de-pisos-flotantes-6549-MLU5075072357_092013-F.jpg\" rel=\"prettyPhoto[rel-341845650]\"><img class=\"\" src=\"http:\/\/rbpisosdemadera.com.ar\/wp-content\/uploads\/2015\/03\/colocacion-de-pisos-flotantes-6549-MLU5075072357_092013-F-200x100.jpg\" width=\"200\" height=\"100\" alt=\"colocacion-de-pisos-flotantes-6549-MLU5075072357_092013-F\" \/><\/a><\/li><li class=\"grayscale\"><a class=\"prettyphoto\" href=\"http:\/\/rbpisosdemadera.com.ar\/wp-content\/uploads\/2015\/03\/11069036_Engineered_Flooring-1024x768.jpg\" rel=\"prettyPhoto[rel-341845650]\"><img class=\"\" src=\"http:\/\/rbpisosdemadera.com.ar\/wp-content\/uploads\/2015\/03\/11069036_Engineered_Flooring-200x100.jpg\" width=\"200\" height=\"100\" alt=\"11069036_Engineered_Flooring\" \/><\/a><\/li><li class=\"grayscale\"><a class=\"prettyphoto\" href=\"http:\/\/rbpisosdemadera.com.ar\/wp-content\/uploads\/2015\/03\/krono-1024x687.jpg\" rel=\"prettyPhoto[rel-341845650]\"><img class=\"\" src=\"http:\/\/rbpisosdemadera.com.ar\/wp-content\/uploads\/2015\/03\/krono-200x100.jpg\" width=\"200\" height=\"100\" alt=\"krono\" \/><\/a><\/li><li class=\"grayscale\"><a class=\"prettyphoto\" href=\"http:\/\/rbpisosdemadera.com.ar\/wp-content\/uploads\/2015\/03\/100_1135-1024x768.jpg\" rel=\"prettyPhoto[rel-341845650]\"><img class=\"\" src=\"http:\/\/rbpisosdemadera.com.ar\/wp-content\/uploads\/2015\/03\/100_1135-200x100.jpg\" width=\"200\" height=\"100\" alt=\"Grandis con sistema click\" \/><\/a><\/li><li class=\"grayscale\"><a class=\"prettyphoto\" href=\"http:\/\/rbpisosdemadera.com.ar\/wp-content\/uploads\/2015\/03\/100_1292-768x1024.jpg\" rel=\"prettyPhoto[rel-341845650]\"><img class=\"\" src=\"http:\/\/rbpisosdemadera.com.ar\/wp-content\/uploads\/2015\/03\/100_1292-200x100.jpg\" width=\"200\" height=\"100\" alt=\"100_1292\" \/><\/a><\/li><\/ul><\/div><\/div>\n\t\t<\/div> \n\t<\/div> \n\t\t<\/div> \n\t<\/div> \n<\/div><\/div><div    class=\"vc_row wpb_row section vc_row-fluid\" style=' text-align:left;'><div class=\" full_section_inner clearfix\">\n\t<div class=\"vc_col-sm-12 wpb_column vc_column_container\">\n\t\t<div class=\"wpb_wrapper\">\n\t\t\t<div class=\"vc_empty_space\"  style=\"height: 25px\" ><span class=\"vc_empty_space_inner\"><\/span><\/div>\n\n\n\t<div class=\"q_accordion_holder clearfix wpb_content_element accordion boxed  not-column-inherit\" data-active-tab=\"\" data-collapsible=\"no\" data-border-radius=\"\">\n\t\t\t\n\t\t\t\t<h4 class=\"clearfix title-holder\" style=\"color: #ffffff; background-color: #ff6600;\"><span class=\"accordion_mark left_mark\"><span class=\"accordion_mark_icon\"><span class=\"icon_plus\"><\/span><span class=\"icon_minus-06\"><\/span><\/span><\/span><span class=\"tab-title\"><span class=\"tab-title-inner\">Pisos Flotantes<\/span><\/span><\/h4>\n\t\t\t\t<div class=\"accordion_content\">\n\t\t\t<div class=\"accordion_content_inner\">\n\t\t\t\t\n\t<div class=\"wpb_text_column wpb_content_element \">\n\t\t<div class=\"wpb_wrapper\">\n\t\t\t<p><span style=\"color: #cccccc;\">Vendemos y colocamos pisos flotantes Kronotex y Eurohome. Con sistema click, de fabricaci\u00f3n alemana.<\/span><br \/>\n<span style=\"color: #cccccc;\">Tenemos variedad de colores, proveemos la manta bajo piso, los z\u00f3calos y perfiles para salvar diferencias de nivel.<\/span><\/p>\n\n\t\t<\/div> \n\t<\/div> \n\t\t\t<\/div>\n\t\t\t\t<\/div>\n\n\t\t\t\t<h4 class=\"clearfix title-holder\" style=\"color: #ffffff; background-color: #ff6600;\"><span class=\"accordion_mark left_mark\"><span class=\"accordion_mark_icon\"><span class=\"icon_plus\"><\/span><span class=\"icon_minus-06\"><\/span><\/span><\/span><span class=\"tab-title\"><span class=\"tab-title-inner\">Pisos de Ingenier\u00eda<\/span><\/span><\/h4>\n\t\t\t\t<div class=\"accordion_content\">\n\t\t\t<div class=\"accordion_content_inner\">\n\t\t\t\t\n\t<div class=\"wpb_text_column wpb_content_element \">\n\t\t<div class=\"wpb_wrapper\">\n\t\t\t<p><span style=\"color: #cccccc;\">Los Pisos de ingenier\u00eda son m\u00e1s durables que los pisos flotantes. Es posible pulirlos y tienen un mejor acabado.<\/span><\/p>\n\n\t\t<\/div> \n\t<\/div> \n\t\t\t<\/div>\n\t\t\t\t<\/div>\n\n\t\t\t\t<h4 class=\"clearfix title-holder\" style=\"color: #ffffff; background-color: #ff6600;\"><span class=\"accordion_mark left_mark\"><span class=\"accordion_mark_icon\"><span class=\"icon_plus\"><\/span><span class=\"icon_minus-06\"><\/span><\/span><\/span><span class=\"tab-title\"><span class=\"tab-title-inner\">Decks<\/span><\/span><\/h4>\n\t\t\t\t<div class=\"accordion_content\">\n\t\t\t<div class=\"accordion_content_inner\">\n\t\t\t\t\n\t<div class=\"wpb_text_column wpb_content_element \">\n\t\t<div class=\"wpb_wrapper\">\n\t\t\t<p><span style=\"color: #cccccc;\">Los decks pueden ser en pino impregnado o en ?????.<\/span><br \/>\n<span style=\"color: #cccccc;\">Colocamos tambi\u00e9n las estructuras necesarias para su sujeci\u00f3n en piletas, solariums, spa, paredes, galer\u00edas, etc.<\/span><\/p>\n\n\t\t<\/div> \n\t<\/div> \n\t\t\t<\/div>\n\t\t\t\t<\/div>\n\n\t\t\t\t<h4 class=\"clearfix title-holder\" style=\"color: #ffffff; background-color: #ff6600;\"><span class=\"accordion_mark left_mark\"><span class=\"accordion_mark_icon\"><span class=\"icon_plus\"><\/span><span class=\"icon_minus-06\"><\/span><\/span><\/span><span class=\"tab-title\"><span class=\"tab-title-inner\">Pisos de madera maciza<\/span><\/span><\/h4>\n\t\t\t\t<div class=\"accordion_content\">\n\t\t\t<div class=\"accordion_content_inner\">\n\t\t\t\t\n\t<div class=\"wpb_text_column wpb_content_element \">\n\t\t<div class=\"wpb_wrapper\">\n\t\t\t<p><span style=\"color: #cccccc;\">Tanto los parquets como entablonados son los pisos tradicionalmente m\u00e1s durables y c\u00e1lidos.\u00a0el gran espesor de estos hace que sean repulibles en varias oportunidades. Se pueden mantener encerados o se pueden tratar con productos como plastificado o hidrolaqueado.<\/span><\/p>\n<p><span style=\"color: #cccccc;\">Algunas de las maderas que trabajamos habitualmente: Algarrobo, Virar\u00f3, Virapit\u00e1, Guatamb\u00fa, Eucaliptus, Rostrata.<\/span><\/p>\n\n\t\t<\/div> \n\t<\/div> \n\t\t\t<\/div>\n\t\t\t\t<\/div>\n\n\t\t\t\t<h4 class=\"clearfix title-holder\" style=\"color: #ffffff; background-color: #ff6600;\"><span class=\"accordion_mark left_mark\"><span class=\"accordion_mark_icon\"><span class=\"icon_plus\"><\/span><span class=\"icon_minus-06\"><\/span><\/span><\/span><span class=\"tab-title\"><span class=\"tab-title-inner\">Escaleras<\/span><\/span><\/h4>\n\t\t\t\t<div class=\"accordion_content\">\n\t\t\t<div class=\"accordion_content_inner\">\n\t\t\t\t\n\t<div class=\"wpb_text_column wpb_content_element \">\n\t\t<div class=\"wpb_wrapper\">\n\t\t\t<p><span style=\"color: #cccccc;\">Confeccionamos, a medida, las huellas y contrahuellas para escaleras met\u00e1licas o de material cementicio.<\/span><\/p>\n<p><span style=\"color: #cccccc;\">Pueden ser piezas enteras de madera o multilaminadas.<\/span><\/p>\n\n\t\t<\/div> \n\t<\/div> \n\t\t\t<\/div>\n\t\t\t\t<\/div>\n\n\t\t\t\t<h4 class=\"clearfix title-holder\" style=\"color: #ffffff; background-color: #ff6600;\"><span class=\"accordion_mark left_mark\"><span class=\"accordion_mark_icon\"><span class=\"icon_plus\"><\/span><span class=\"icon_minus-06\"><\/span><\/span><\/span><span class=\"tab-title\"><span class=\"tab-title-inner\">Frentes de placard<\/span><\/span><\/h4>\n\t\t\t\t<div class=\"accordion_content\">\n\t\t\t<div class=\"accordion_content_inner\">\n\t\t\t\t\n\t<div class=\"wpb_text_column wpb_content_element \">\n\t\t<div class=\"wpb_wrapper\">\n\t\t\t<p><span style=\"color: #cccccc;\">Armamos en obra frentes de placard e interiores. Con sistemas modernos de correderas y accesorios de aluminio. Ruedas anti-cabeceo y terminaciones ajustadas.<\/span><\/p>\n\n\t\t<\/div> \n\t<\/div> \n\t\t\t<\/div>\n\t\t\t\t<\/div>\n\n\t<\/div> \n\t\t<\/div> \n\t<\/div> \n<\/div><\/div>\n","protected":false},"excerpt":{"rendered":"Productos Pisos Flotantes Vendemos y colocamos pisos flotantes Kronotex y...","protected":false},"author":2,"featured_media":0,"parent":0,"menu_order":0,"comment_status":"open","ping_status":"open","template":"","meta":[],"_links":{"self":[{"href":"http:\/\/rbpisosdemadera.com.ar\/index.php?rest_route=\/wp\/v2\/pages\/9174"}],"collection":[{"href":"http:\/\/rbpisosdemadera.com.ar\/index.php?rest_route=\/wp\/v2\/pages"}],"about":[{"href":"http:\/\/rbpisosdemadera.com.ar\/index.php?rest_route=\/wp\/v2\/types\/page"}],"author":[{"embeddable":true,"href":"http:\/\/rbpisosdemadera.com.ar\/index.php?rest_route=\/wp\/v2\/users\/2"}],"replies":[{"embeddable":true,"href":"http:\/\/rbpisosdemadera.com.ar\/index.php?rest_route=%2Fwp%2Fv2%2Fcomments&post=9174"}],"version-history":[{"count":35,"href":"http:\/\/rbpisosdemadera.com.ar\/index.php?rest_route=\/wp\/v2\/pages\/9174\/revisions"}],"predecessor-version":[{"id":9216,"href":"http:\/\/rbpisosdemadera.com.ar\/index.php?rest_route=\/wp\/v2\/pages\/9174\/revisions\/9216"}],"wp:attachment":[{"href":"http:\/\/rbpisosdemadera.com.ar\/index.php?rest_route=%2Fwp%2Fv2%2Fmedia&parent=9174"}],"curies":[{"name":"wp","href":"https:\/\/api.w.org\/{rel}","templated":true}]}}